{"id":25979,"date":"2020-04-14T15:38:11","date_gmt":"2020-04-14T15:38:11","guid":{"rendered":"https:\/\/plexusmedical.ca\/home\/"},"modified":"2024-09-12T01:52:40","modified_gmt":"2024-09-12T01:52:40","slug":"home","status":"publish","type":"page","link":"https:\/\/plexusmedical.ca\/en\/","title":{"rendered":"Home"},"content":{"rendered":"<p>[et_pb_section fb_built=&#8221;1&#8243; fullwidth=&#8221;on&#8221; _builder_version=&#8221;4.16&#8243; global_colors_info=&#8221;{}&#8221;][et_pb_fullwidth_header title=&#8221;Cutting edge&#8221; subhead=&#8221;Musculo-skeletal health cares&#8221; button_one_text=&#8221;Contact us&#8221; button_one_url=&#8221;@ET-DC@eyJkeW5hbWljIjp0cnVlLCJjb250ZW50IjoicG9zdF9saW5rX3VybF9wYWdlIiwic2V0dGluZ3MiOnsicG9zdF9pZCI6IjQxIn19@&#8221; content_max_width=&#8221;60%&#8221; content_max_width_tablet=&#8221;100%&#8221; content_max_width_phone=&#8221;100%&#8221; content_max_width_last_edited=&#8221;on|tablet&#8221; module_class=&#8221;home-slider&#8221; _builder_version=&#8221;4.16&#8243; _dynamic_attributes=&#8221;button_one_url&#8221; subhead_font_size=&#8221;40px&#8221; background_enable_color=&#8221;off&#8221; background_color_gradient_direction=&#8221;183deg&#8221; background_image=&#8221;https:\/\/plexusmedical.ca\/wp-content\/uploads\/2020\/01\/plexus-home-1.jpg&#8221; width=&#8221;100%&#8221; max_width=&#8221;100%&#8221; custom_padding=&#8221;18em|0%|8em|0px|false|false&#8221; custom_padding_tablet=&#8221;15em||6em||false|false&#8221; custom_padding_phone=&#8221;12em||5em||false|false&#8221; custom_padding_last_edited=&#8221;on|phone&#8221; subhead_font_size_tablet=&#8221;30px&#8221; subhead_font_size_phone=&#8221;20px&#8221; subhead_font_size_last_edited=&#8221;on|phone&#8221; global_colors_info=&#8221;{}&#8221;]<\/p>\n<p>Our health professionals and the entire Plexus Medical Center team are happy to welcome you to our service point located in Saint-Sauveur<\/p>\n<p>[\/et_pb_fullwidth_header][\/et_pb_section][et_pb_section fb_built=&#8221;1&#8243; custom_padding_last_edited=&#8221;on|tablet&#8221; _builder_version=&#8221;4.16&#8243; custom_padding=&#8221;5em||0em||false|false&#8221; custom_padding_tablet=&#8221;||7em||false|false&#8221; custom_padding_phone=&#8221;||7em||false|false&#8221; global_colors_info=&#8221;{}&#8221;][et_pb_row column_structure=&#8221;1_2,1_2&#8243; _builder_version=&#8221;4.16&#8243; custom_padding=&#8221;||0px|||&#8221; global_colors_info=&#8221;{}&#8221;][et_pb_column type=&#8221;1_2&#8243; _builder_version=&#8221;4.16&#8243; global_colors_info=&#8221;{}&#8221;][et_pb_image src=&#8221;https:\/\/plexusmedical.ca\/wp-content\/uploads\/2020\/04\/michel-docteur.png&#8221; align=&#8221;center&#8221; _builder_version=&#8221;4.16&#8243; global_colors_info=&#8221;{}&#8221;][\/et_pb_image][\/et_pb_column][et_pb_column type=&#8221;1_2&#8243; _builder_version=&#8221;4.16&#8243; global_colors_info=&#8221;{}&#8221;][et_pb_text _builder_version=&#8221;4.16&#8243; global_colors_info=&#8221;{}&#8221;]<\/p>\n<h2>Welcome at Plexus Medical<\/h2>\n<h2 class=\"subtitle\">Pain Therapies<\/h2>\n<h2 class=\"less-emphase\">Private clinic<\/h2>\n<p><span>At Centre M\u00e9dical Plexus we favour procedures that promote healthy outcome in terms of pain relief and improved fonctionnel recovery. We tend to use a large spectrum of therapeutics injections and other modalities to maximise the outcomes of our interventions.<\/span>[\/et_pb_text][\/et_pb_column][\/et_pb_row][\/et_pb_section][et_pb_section fb_built=&#8221;1&#8243; _builder_version=&#8221;4.16&#8243; background_color=&#8221;#f7f7f7&#8243; global_colors_info=&#8221;{}&#8221;][et_pb_row _builder_version=&#8221;4.16&#8243; global_colors_info=&#8221;{}&#8221;][et_pb_column type=&#8221;4_4&#8243; _builder_version=&#8221;4.16&#8243; global_colors_info=&#8221;{}&#8221;][et_pb_text module_class=&#8221;section-text&#8221; _builder_version=&#8221;4.16&#8243; background_color=&#8221;#f7f7f7&#8243; width=&#8221;100%&#8221; max_width=&#8221;80%&#8221; module_alignment=&#8221;center&#8221; global_colors_info=&#8221;{}&#8221;]<\/p>\n<h2 style=\"text-align: center;\">Our expertise<\/h2>\n<p>[\/et_pb_text][\/et_pb_column][\/et_pb_row][et_pb_row column_structure=&#8221;1_2,1_2&#8243; make_equal=&#8221;on&#8221; module_class=&#8221;blurb-column-top&#8221; _builder_version=&#8221;4.16&#8243; custom_padding=&#8221;5em||||false|false&#8221; global_colors_info=&#8221;{}&#8221;][et_pb_column type=&#8221;1_2&#8243; _builder_version=&#8221;4.16&#8243; global_colors_info=&#8221;{}&#8221;][et_pb_blurb title=&#8221;Infiltrations&#8221; use_icon=&#8221;on&#8221; font_icon=&#8221;agsdi-eyedropper||divi||400&#8243; _builder_version=&#8221;4.16&#8243; _dynamic_attributes=&#8221;link_option_url&#8221; link_option_url=&#8221;@ET-DC@eyJkeW5hbWljIjp0cnVlLCJjb250ZW50IjoicG9zdF9saW5rX3VybF9wYWdlIiwic2V0dGluZ3MiOnsicG9zdF9pZCI6IjI1NTk3In19@&#8221; global_colors_info=&#8221;{}&#8221;]<\/p>\n<p>Our therapeutic arsenal is varied but we mainly intervene via a range of therapeutic injections (infiltrations) to promote optimal functional recovery of the majority of common musculoskeletal injuries. Since 2010, most if not all the injections we do are done under ultrasound guidance. Multiple clinical studies have confirmed the clear advantages obtained with ultrasound guided injections<\/p>\n<p>[\/et_pb_blurb][\/et_pb_column][et_pb_column type=&#8221;1_2&#8243; _builder_version=&#8221;4.16&#8243; global_colors_info=&#8221;{}&#8221;][et_pb_blurb title=&#8221;Other services&#8221; use_icon=&#8221;on&#8221; font_icon=&#8221;agsdi-heart||fa||400&#8243; _builder_version=&#8221;4.27.0&#8243; _dynamic_attributes=&#8221;link_option_url&#8221; link_option_url=&#8221;@ET-DC@eyJkeW5hbWljIjp0cnVlLCJjb250ZW50IjoicG9zdF9saW5rX3VybF9wYWdlIiwic2V0dGluZ3MiOnsicG9zdF9pZCI6IjI1ODQxIn19@&#8221; hover_enabled=&#8221;0&#8243; global_colors_info=&#8221;{}&#8221; sticky_enabled=&#8221;0&#8243;]<\/p>\n<p>In addition to our specific services, we know how to judiciously use the services of many therapists in the Laurentians region (and beyond) who work in the field of musculoskeletal care.<\/p>\n<p>[\/et_pb_blurb][\/et_pb_column][\/et_pb_row][\/et_pb_section]<\/p>\n","protected":false},"excerpt":{"rendered":"<p>Our health professionals and the entire Plexus Medical Center team are happy to welcome you to our service point located in Saint-SauveurWelcome at Plexus Medical Pain Therapies Private clinic At Centre M\u00e9dical Plexus we favour procedures that promote healthy outcome in terms of pain relief and improved fonctionnel recovery. We tend to use a large [&hellip;]<\/p>\n","protected":false},"author":1,"featured_media":0,"parent":0,"menu_order":0,"comment_status":"closed","ping_status":"closed","template":"","meta":{"_et_pb_use_builder":"on","_et_pb_old_content":"","_et_gb_content_width":"","footnotes":""},"class_list":["post-25979","page","type-page","status-publish","hentry"],"yoast_head":"<!-- This site is optimized with the Yoast SEO plugin v25.6 - https:\/\/yoast.com\/wordpress\/plugins\/seo\/ -->\n<title>Centre M\u00e9dical Plexus - Home<\/title>\n<meta name=\"description\" content=\"Au Centre M\u00e9dical Plexus, nous privil\u00e9gions les interventions permettant \u00e0 nos patients de retrouver leur sant\u00e9 musculo\u2013squelettique et d\u2019optimiser leur autonomie fonctionnelle.\" \/>\n<meta name=\"robots\" content=\"index, follow, max-snippet:-1, max-image-preview:large, max-video-preview:-1\" \/>\n<link rel=\"canonical\" href=\"https:\/\/plexusmedical.ca\/en\/\" \/>\n<meta property=\"og:locale\" content=\"en_US\" \/>\n<meta property=\"og:type\" content=\"article\" \/>\n<meta property=\"og:title\" content=\"Centre M\u00e9dical Plexus - Home\" \/>\n<meta property=\"og:description\" content=\"Au Centre M\u00e9dical Plexus, nous privil\u00e9gions les interventions permettant \u00e0 nos patients de retrouver leur sant\u00e9 musculo\u2013squelettique et d\u2019optimiser leur autonomie fonctionnelle.\" \/>\n<meta property=\"og:url\" content=\"https:\/\/plexusmedical.ca\/en\/\" \/>\n<meta property=\"og:site_name\" content=\"Centre M\u00e9dical Plexus\" \/>\n<meta property=\"article:publisher\" content=\"https:\/\/www.facebook.com\/pages\/Centre-Plexus\/217919771904406\" \/>\n<meta property=\"article:modified_time\" content=\"2024-09-12T01:52:40+00:00\" \/>\n<meta name=\"twitter:card\" content=\"summary_large_image\" \/>\n<meta name=\"twitter:label1\" content=\"Est. reading time\" \/>\n\t<meta name=\"twitter:data1\" content=\"3 minutes\" \/>\n<script type=\"application\/ld+json\" class=\"yoast-schema-graph\">{\"@context\":\"https:\/\/schema.org\",\"@graph\":[{\"@type\":\"WebPage\",\"@id\":\"https:\/\/plexusmedical.ca\/en\/\",\"url\":\"https:\/\/plexusmedical.ca\/en\/\",\"name\":\"Centre M\u00e9dical Plexus - Home\",\"isPartOf\":{\"@id\":\"https:\/\/plexusmedical.ca\/en\/#website\"},\"datePublished\":\"2020-04-14T15:38:11+00:00\",\"dateModified\":\"2024-09-12T01:52:40+00:00\",\"description\":\"Au Centre M\u00e9dical Plexus, nous privil\u00e9gions les interventions permettant \u00e0 nos patients de retrouver leur sant\u00e9 musculo\u2013squelettique et d\u2019optimiser leur autonomie fonctionnelle.\",\"breadcrumb\":{\"@id\":\"https:\/\/plexusmedical.ca\/en\/#breadcrumb\"},\"inLanguage\":\"en-US\",\"potentialAction\":[{\"@type\":\"ReadAction\",\"target\":[\"https:\/\/plexusmedical.ca\/en\/\"]}]},{\"@type\":\"BreadcrumbList\",\"@id\":\"https:\/\/plexusmedical.ca\/en\/#breadcrumb\",\"itemListElement\":[{\"@type\":\"ListItem\",\"position\":1,\"name\":\"Home\",\"item\":\"https:\/\/plexusmedical.ca\/en\/\"},{\"@type\":\"ListItem\",\"position\":2,\"name\":\"Home\"}]},{\"@type\":\"WebSite\",\"@id\":\"https:\/\/plexusmedical.ca\/en\/#website\",\"url\":\"https:\/\/plexusmedical.ca\/en\/\",\"name\":\"Centre M\u00e9dical Plexus\",\"description\":\"Centre M\u00e9dical pour le traitement des troubles musculo-squelettiques\",\"publisher\":{\"@id\":\"https:\/\/plexusmedical.ca\/en\/#organization\"},\"potentialAction\":[{\"@type\":\"SearchAction\",\"target\":{\"@type\":\"EntryPoint\",\"urlTemplate\":\"https:\/\/plexusmedical.ca\/en\/?s={search_term_string}\"},\"query-input\":{\"@type\":\"PropertyValueSpecification\",\"valueRequired\":true,\"valueName\":\"search_term_string\"}}],\"inLanguage\":\"en-US\"},{\"@type\":\"Organization\",\"@id\":\"https:\/\/plexusmedical.ca\/en\/#organization\",\"name\":\"Centre M\u00e9dical Plexus\",\"url\":\"https:\/\/plexusmedical.ca\/en\/\",\"logo\":{\"@type\":\"ImageObject\",\"inLanguage\":\"en-US\",\"@id\":\"https:\/\/plexusmedical.ca\/en\/#\/schema\/logo\/image\/\",\"url\":\"https:\/\/plexusmedical.ca\/wp-content\/uploads\/2019\/12\/plexus-medical-logo.jpg\",\"contentUrl\":\"https:\/\/plexusmedical.ca\/wp-content\/uploads\/2019\/12\/plexus-medical-logo.jpg\",\"width\":278,\"height\":66,\"caption\":\"Centre M\u00e9dical Plexus\"},\"image\":{\"@id\":\"https:\/\/plexusmedical.ca\/en\/#\/schema\/logo\/image\/\"},\"sameAs\":[\"https:\/\/www.facebook.com\/pages\/Centre-Plexus\/217919771904406\"]}]}<\/script>\n<!-- \/ Yoast SEO plugin. -->","yoast_head_json":{"title":"Centre M\u00e9dical Plexus - Home","description":"Au Centre M\u00e9dical Plexus, nous privil\u00e9gions les interventions permettant \u00e0 nos patients de retrouver leur sant\u00e9 musculo\u2013squelettique et d\u2019optimiser leur autonomie fonctionnelle.","robots":{"index":"index","follow":"follow","max-snippet":"max-snippet:-1","max-image-preview":"max-image-preview:large","max-video-preview":"max-video-preview:-1"},"canonical":"https:\/\/plexusmedical.ca\/en\/","og_locale":"en_US","og_type":"article","og_title":"Centre M\u00e9dical Plexus - Home","og_description":"Au Centre M\u00e9dical Plexus, nous privil\u00e9gions les interventions permettant \u00e0 nos patients de retrouver leur sant\u00e9 musculo\u2013squelettique et d\u2019optimiser leur autonomie fonctionnelle.","og_url":"https:\/\/plexusmedical.ca\/en\/","og_site_name":"Centre M\u00e9dical Plexus","article_publisher":"https:\/\/www.facebook.com\/pages\/Centre-Plexus\/217919771904406","article_modified_time":"2024-09-12T01:52:40+00:00","twitter_card":"summary_large_image","twitter_misc":{"Est. reading time":"3 minutes"},"schema":{"@context":"https:\/\/schema.org","@graph":[{"@type":"WebPage","@id":"https:\/\/plexusmedical.ca\/en\/","url":"https:\/\/plexusmedical.ca\/en\/","name":"Centre M\u00e9dical Plexus - Home","isPartOf":{"@id":"https:\/\/plexusmedical.ca\/en\/#website"},"datePublished":"2020-04-14T15:38:11+00:00","dateModified":"2024-09-12T01:52:40+00:00","description":"Au Centre M\u00e9dical Plexus, nous privil\u00e9gions les interventions permettant \u00e0 nos patients de retrouver leur sant\u00e9 musculo\u2013squelettique et d\u2019optimiser leur autonomie fonctionnelle.","breadcrumb":{"@id":"https:\/\/plexusmedical.ca\/en\/#breadcrumb"},"inLanguage":"en-US","potentialAction":[{"@type":"ReadAction","target":["https:\/\/plexusmedical.ca\/en\/"]}]},{"@type":"BreadcrumbList","@id":"https:\/\/plexusmedical.ca\/en\/#breadcrumb","itemListElement":[{"@type":"ListItem","position":1,"name":"Home","item":"https:\/\/plexusmedical.ca\/en\/"},{"@type":"ListItem","position":2,"name":"Home"}]},{"@type":"WebSite","@id":"https:\/\/plexusmedical.ca\/en\/#website","url":"https:\/\/plexusmedical.ca\/en\/","name":"Centre M\u00e9dical Plexus","description":"Centre M\u00e9dical pour le traitement des troubles musculo-squelettiques","publisher":{"@id":"https:\/\/plexusmedical.ca\/en\/#organization"},"potentialAction":[{"@type":"SearchAction","target":{"@type":"EntryPoint","urlTemplate":"https:\/\/plexusmedical.ca\/en\/?s={search_term_string}"},"query-input":{"@type":"PropertyValueSpecification","valueRequired":true,"valueName":"search_term_string"}}],"inLanguage":"en-US"},{"@type":"Organization","@id":"https:\/\/plexusmedical.ca\/en\/#organization","name":"Centre M\u00e9dical Plexus","url":"https:\/\/plexusmedical.ca\/en\/","logo":{"@type":"ImageObject","inLanguage":"en-US","@id":"https:\/\/plexusmedical.ca\/en\/#\/schema\/logo\/image\/","url":"https:\/\/plexusmedical.ca\/wp-content\/uploads\/2019\/12\/plexus-medical-logo.jpg","contentUrl":"https:\/\/plexusmedical.ca\/wp-content\/uploads\/2019\/12\/plexus-medical-logo.jpg","width":278,"height":66,"caption":"Centre M\u00e9dical Plexus"},"image":{"@id":"https:\/\/plexusmedical.ca\/en\/#\/schema\/logo\/image\/"},"sameAs":["https:\/\/www.facebook.com\/pages\/Centre-Plexus\/217919771904406"]}]}},"_links":{"self":[{"href":"https:\/\/plexusmedical.ca\/en\/wp-json\/wp\/v2\/pages\/25979"}],"collection":[{"href":"https:\/\/plexusmedical.ca\/en\/wp-json\/wp\/v2\/pages"}],"about":[{"href":"https:\/\/plexusmedical.ca\/en\/wp-json\/wp\/v2\/types\/page"}],"author":[{"embeddable":true,"href":"https:\/\/plexusmedical.ca\/en\/wp-json\/wp\/v2\/users\/1"}],"replies":[{"embeddable":true,"href":"https:\/\/plexusmedical.ca\/en\/wp-json\/wp\/v2\/comments?post=25979"}],"version-history":[{"count":2,"href":"https:\/\/plexusmedical.ca\/en\/wp-json\/wp\/v2\/pages\/25979\/revisions"}],"predecessor-version":[{"id":26193,"href":"https:\/\/plexusmedical.ca\/en\/wp-json\/wp\/v2\/pages\/25979\/revisions\/26193"}],"wp:attachment":[{"href":"https:\/\/plexusmedical.ca\/en\/wp-json\/wp\/v2\/media?parent=25979"}],"curies":[{"name":"wp","href":"https:\/\/api.w.org\/{rel}","templated":true}]}}