{"id":26012,"date":"2020-05-03T20:13:31","date_gmt":"2020-05-03T20:13:31","guid":{"rendered":"https:\/\/plexusmedical.ca\/fees\/"},"modified":"2024-09-12T01:53:42","modified_gmt":"2024-09-12T01:53:42","slug":"fees","status":"publish","type":"page","link":"https:\/\/plexusmedical.ca\/en\/fees\/","title":{"rendered":"Fees"},"content":{"rendered":"<p>[et_pb_section fb_built=&#8221;1&#8243; fullwidth=&#8221;on&#8221; _builder_version=&#8221;4.16&#8243; custom_margin=&#8221;6em||||false|false&#8221; global_colors_info=&#8221;{}&#8221;][et_pb_fullwidth_post_title meta=&#8221;off&#8221; featured_image=&#8221;off&#8221; _builder_version=&#8221;4.16&#8243; title_font=&#8221;|||on|||||&#8221; title_text_color=&#8221;#ffffff&#8221; background_image=&#8221;https:\/\/plexusmedical.ca\/wp-content\/uploads\/2020\/01\/tarification.jpg&#8221; custom_margin=&#8221;1px||1px||true|&#8221; custom_padding=&#8221;10em||10em||true|false&#8221; custom_padding_tablet=&#8221;7em||7em||true|false&#8221; custom_padding_phone=&#8221;5em||5em||true|false&#8221; custom_padding_last_edited=&#8221;on|phone&#8221; global_colors_info=&#8221;{}&#8221;][\/et_pb_fullwidth_post_title][\/et_pb_section][et_pb_section fb_built=&#8221;1&#8243; module_class=&#8221;tarification&#8221; _builder_version=&#8221;4.16&#8243; global_colors_info=&#8221;{}&#8221;][et_pb_row custom_padding_last_edited=&#8221;off|desktop&#8221; _builder_version=&#8221;4.16&#8243; custom_margin=&#8221;||0px||false|false&#8221; custom_padding=&#8221;0px||0px||false|false&#8221; global_colors_info=&#8221;{}&#8221;][et_pb_column type=&#8221;4_4&#8243; _builder_version=&#8221;4.16&#8243; global_colors_info=&#8221;{}&#8221;][et_pb_text _builder_version=&#8221;4.16&#8243; global_colors_info=&#8221;{}&#8221;]<\/p>\n<h2>Services and fees<\/h2>\n<p>[\/et_pb_text][\/et_pb_column][\/et_pb_row][et_pb_row _builder_version=&#8221;4.16&#8243; custom_margin=&#8221;1em||1em||false|false&#8221; custom_padding=&#8221;0px||0px||false|false&#8221; global_colors_info=&#8221;{}&#8221;][et_pb_column type=&#8221;4_4&#8243; _builder_version=&#8221;4.16&#8243; global_colors_info=&#8221;{}&#8221;][et_pb_text _builder_version=&#8221;4.21.0&#8243; global_colors_info=&#8221;{}&#8221;]<\/p>\n<h4>MEDICAL VISITE (30 minutes)<\/h4>\n<ul>\n<li>INCLUDING: Medical Questionnaire and Physical Examination, Ultrasound Screening and Guidance,<br \/>Explanations and Therapeutic Recommendations: $200<\/li>\n<li>Medical visit without injection: $250<\/li>\n<li>Tour extension: $10 \/ Minute<\/li>\n<\/ul>\n<p>&nbsp;<\/p>\n<p>[\/et_pb_text][\/et_pb_column][\/et_pb_row][et_pb_row _builder_version=&#8221;4.16&#8243; custom_margin=&#8221;2em||||false|false&#8221; custom_padding=&#8221;0px||0px||false|false&#8221; global_colors_info=&#8221;{}&#8221;][et_pb_column type=&#8221;4_4&#8243; _builder_version=&#8221;4.16&#8243; global_colors_info=&#8221;{}&#8221;][et_pb_text _builder_version=&#8221;4.16&#8243; global_colors_info=&#8221;{}&#8221;]<\/p>\n<h4><span>ULTRASOUND-GUIDED INFILTRATION<\/span><\/h4>\n<p>[\/et_pb_text][\/et_pb_column][\/et_pb_row][et_pb_row column_structure=&#8221;1_2,1_2&#8243; _builder_version=&#8221;4.16&#8243; custom_padding=&#8221;0px||0px||true|&#8221; global_colors_info=&#8221;{}&#8221;][et_pb_column type=&#8221;1_2&#8243; _builder_version=&#8221;4.16&#8243; global_colors_info=&#8221;{}&#8221;][et_pb_text _builder_version=&#8221;4.21.0&#8243; custom_padding=&#8221;||0px|||&#8221; global_colors_info=&#8221;{}&#8221;]<\/p>\n<p><strong>Injection :<\/strong><\/p>\n<ul>\n<li>150$ for 1 injection<\/li>\n<li>Caudal epidural injection: $350<\/li>\n<\/ul>\n<p><strong>Facet and perivertebral block injections<\/strong><\/p>\n<ul>\n<li>180 per injection<\/li>\n<li>550 package if 2 injections or more (visit included)<\/li>\n<\/ul>\n<p><strong>Visco-supplements<\/strong><\/p>\n<ul>\n<li>$500 per injection<\/li>\n<li>225 1\/3 injection<\/li>\n<\/ul>\n<p>[\/et_pb_text][\/et_pb_column][et_pb_column type=&#8221;1_2&#8243; _builder_version=&#8221;4.16&#8243; global_colors_info=&#8221;{}&#8221;][et_pb_text _builder_version=&#8221;4.21.0&#8243; custom_margin=&#8221;0px||||false|false&#8221; custom_margin_tablet=&#8221;-25px||||false|false&#8221; custom_margin_phone=&#8221;&#8221; custom_margin_last_edited=&#8221;on|phone&#8221; custom_padding=&#8221;||0px||false|false&#8221; global_colors_info=&#8221;{}&#8221;]<\/p>\n<p><strong>Puncture without infiltration<\/strong>: $150<br \/><br \/><\/p>\n<p><strong>Puncture (followed by injection)<\/strong>: $75<br \/><br \/><\/p>\n<p><strong>PRP injection : Platelet Rich Plasma<\/strong><\/p>\n<ul>\n<li>850 \/ 1 Injection ( visit included )<\/li>\n<li>1500 for 2 injections in the same session<\/li>\n<\/ul>\n<p><strong>Cellular Matrix ( PRP + Viscosupplement) :<\/strong><\/p>\n<ul>\n<li>1000 \/ 1 Injection ( visit included )<\/li>\n<li>1800 for 2 injections in the same session<\/li>\n<\/ul>\n<p><strong>Autologous Protein Injection N-Stride :<\/strong><span> 1600$ \/ 1 Injection ( visit included )<\/span><br \/><br \/><\/p>\n<p><strong>Trigger Point Infiltration Sessions<\/strong>: 500 myofascial trigger zone package<br \/><br \/> <strong>PRP-Alopecia:<\/strong> 3 sessions at $750 per session (visit included)<\/p>\n<p>[\/et_pb_text][\/et_pb_column][\/et_pb_row][et_pb_row custom_padding_last_edited=&#8221;on|phone&#8221; _builder_version=&#8221;4.16&#8243; custom_padding=&#8221;0px||0px||false|false&#8221; custom_padding_tablet=&#8221;10px||||false|false&#8221; custom_padding_phone=&#8221;&#8221; global_colors_info=&#8221;{}&#8221;][et_pb_column type=&#8221;4_4&#8243; _builder_version=&#8221;4.16&#8243; global_colors_info=&#8221;{}&#8221;][et_pb_text _builder_version=&#8221;4.16&#8243; text_font_size=&#8221;14px&#8221; global_colors_info=&#8221;{}&#8221;]<\/p>\n<p><span style=\"color: #000000;\"><strong>The injection fee will be added to the price of the visit unless otherwise indicated.<\/strong><\/span><\/p>\n<p>[\/et_pb_text][\/et_pb_column][\/et_pb_row][et_pb_row _builder_version=&#8221;4.16&#8243; custom_margin=&#8221;1em||||false|false&#8221; global_colors_info=&#8221;{}&#8221;][et_pb_column type=&#8221;4_4&#8243; _builder_version=&#8221;4.16&#8243; global_colors_info=&#8221;{}&#8221;][et_pb_text _builder_version=&#8221;4.21.0&#8243; global_colors_info=&#8221;{}&#8221;]<\/p>\n<h4>Forms and prescription without a medical visit<\/h4>\n<p><strong>MEDICAL PRESCRIPTION BY FAX OR EMAIL, ETC <\/strong><\/p>\n<ul>\n<li>Insurance form and medical certificate: $100<\/li>\n<li>RRQ form : 200$<\/li>\n<li>Medication Renewal Prescription without a medical visit or by fax : 50$<\/li>\n<li>Medical referral without a medical visit or by fax : 50$<\/li>\n<li>Medical file transfer without a medical visit or by fax : 50$<\/li>\n<li>Phone calls : 50$ ( No fees if &lt;1 minute )<\/li>\n<li>Medical counselling by email or fax : 50$ and +<\/li>\n<\/ul>\n<p><strong>Explanations of advantages :<\/strong><\/p>\n<ol>\n<li>No need for obtaining an appointment<\/li>\n<li>No waiting on a appointment list<\/li>\n<li>No need to spend time to drive to the clinic<\/li>\n<li>No need to spend time in the waiting room<\/li>\n<li>Significant time (and fuel) savings for the patient<\/li>\n<li>Considers doctor&#8217;s time and medical responsabilities<\/li>\n<\/ol>\n<ol><\/ol>\n<p>[\/et_pb_text][\/et_pb_column][\/et_pb_row][\/et_pb_section]<\/p>\n","protected":false},"excerpt":{"rendered":"<p>Services and feesMEDICAL VISITE (30 minutes) INCLUDING: Medical Questionnaire and Physical Examination, Ultrasound Screening and Guidance,Explanations and Therapeutic Recommendations: $200 Medical visit without injection: $250 Tour extension: $10 \/ Minute &nbsp;ULTRASOUND-GUIDED INFILTRATIONInjection : 150$ for 1 injection Caudal epidural injection: $350 Facet and perivertebral block injections 180 per injection 550 package if 2 injections or [&hellip;]<\/p>\n","protected":false},"author":1,"featured_media":0,"parent":0,"menu_order":0,"comment_status":"closed","ping_status":"closed","template":"","meta":{"_et_pb_use_builder":"on","_et_pb_old_content":"","_et_gb_content_width":"","footnotes":""},"class_list":["post-26012","page","type-page","status-publish","hentry"],"yoast_head":"<!-- This site is optimized with the Yoast SEO plugin v25.6 - https:\/\/yoast.com\/wordpress\/plugins\/seo\/ -->\n<title>Centre M\u00e9dical Plexus - Fees<\/title>\n<meta name=\"description\" content=\"Au Centre M\u00e9dical Plexus, nous privil\u00e9gions les interventions permettant \u00e0 nos patients de retrouver leur sant\u00e9 musculo\u2013squelettique et d\u2019optimiser leur autonomie fonctionnelle.\" \/>\n<meta name=\"robots\" content=\"index, follow, max-snippet:-1, max-image-preview:large, max-video-preview:-1\" \/>\n<link rel=\"canonical\" href=\"https:\/\/plexusmedical.ca\/en\/fees\/\" \/>\n<meta property=\"og:locale\" content=\"en_US\" \/>\n<meta property=\"og:type\" content=\"article\" \/>\n<meta property=\"og:title\" content=\"Centre M\u00e9dical Plexus - Fees\" \/>\n<meta property=\"og:description\" content=\"Au Centre M\u00e9dical Plexus, nous privil\u00e9gions les interventions permettant \u00e0 nos patients de retrouver leur sant\u00e9 musculo\u2013squelettique et d\u2019optimiser leur autonomie fonctionnelle.\" \/>\n<meta property=\"og:url\" content=\"https:\/\/plexusmedical.ca\/en\/fees\/\" \/>\n<meta property=\"og:site_name\" content=\"Centre M\u00e9dical Plexus\" \/>\n<meta property=\"article:publisher\" content=\"https:\/\/www.facebook.com\/pages\/Centre-Plexus\/217919771904406\" \/>\n<meta property=\"article:modified_time\" content=\"2024-09-12T01:53:42+00:00\" \/>\n<meta name=\"twitter:card\" content=\"summary_large_image\" \/>\n<meta name=\"twitter:label1\" content=\"Est. reading time\" \/>\n\t<meta name=\"twitter:data1\" content=\"3 minutes\" \/>\n<script type=\"application\/ld+json\" class=\"yoast-schema-graph\">{\"@context\":\"https:\/\/schema.org\",\"@graph\":[{\"@type\":\"WebPage\",\"@id\":\"https:\/\/plexusmedical.ca\/en\/fees\/\",\"url\":\"https:\/\/plexusmedical.ca\/en\/fees\/\",\"name\":\"Centre M\u00e9dical Plexus - Fees\",\"isPartOf\":{\"@id\":\"https:\/\/plexusmedical.ca\/en\/#website\"},\"datePublished\":\"2020-05-03T20:13:31+00:00\",\"dateModified\":\"2024-09-12T01:53:42+00:00\",\"description\":\"Au Centre M\u00e9dical Plexus, nous privil\u00e9gions les interventions permettant \u00e0 nos patients de retrouver leur sant\u00e9 musculo\u2013squelettique et d\u2019optimiser leur autonomie fonctionnelle.\",\"breadcrumb\":{\"@id\":\"https:\/\/plexusmedical.ca\/en\/fees\/#breadcrumb\"},\"inLanguage\":\"en-US\",\"potentialAction\":[{\"@type\":\"ReadAction\",\"target\":[\"https:\/\/plexusmedical.ca\/en\/fees\/\"]}]},{\"@type\":\"BreadcrumbList\",\"@id\":\"https:\/\/plexusmedical.ca\/en\/fees\/#breadcrumb\",\"itemListElement\":[{\"@type\":\"ListItem\",\"position\":1,\"name\":\"Home\",\"item\":\"https:\/\/plexusmedical.ca\/en\/\"},{\"@type\":\"ListItem\",\"position\":2,\"name\":\"Fees\"}]},{\"@type\":\"WebSite\",\"@id\":\"https:\/\/plexusmedical.ca\/en\/#website\",\"url\":\"https:\/\/plexusmedical.ca\/en\/\",\"name\":\"Centre M\u00e9dical Plexus\",\"description\":\"Centre M\u00e9dical pour le traitement des troubles musculo-squelettiques\",\"publisher\":{\"@id\":\"https:\/\/plexusmedical.ca\/en\/#organization\"},\"potentialAction\":[{\"@type\":\"SearchAction\",\"target\":{\"@type\":\"EntryPoint\",\"urlTemplate\":\"https:\/\/plexusmedical.ca\/en\/?s={search_term_string}\"},\"query-input\":{\"@type\":\"PropertyValueSpecification\",\"valueRequired\":true,\"valueName\":\"search_term_string\"}}],\"inLanguage\":\"en-US\"},{\"@type\":\"Organization\",\"@id\":\"https:\/\/plexusmedical.ca\/en\/#organization\",\"name\":\"Centre M\u00e9dical Plexus\",\"url\":\"https:\/\/plexusmedical.ca\/en\/\",\"logo\":{\"@type\":\"ImageObject\",\"inLanguage\":\"en-US\",\"@id\":\"https:\/\/plexusmedical.ca\/en\/#\/schema\/logo\/image\/\",\"url\":\"https:\/\/plexusmedical.ca\/wp-content\/uploads\/2019\/12\/plexus-medical-logo.jpg\",\"contentUrl\":\"https:\/\/plexusmedical.ca\/wp-content\/uploads\/2019\/12\/plexus-medical-logo.jpg\",\"width\":278,\"height\":66,\"caption\":\"Centre M\u00e9dical Plexus\"},\"image\":{\"@id\":\"https:\/\/plexusmedical.ca\/en\/#\/schema\/logo\/image\/\"},\"sameAs\":[\"https:\/\/www.facebook.com\/pages\/Centre-Plexus\/217919771904406\"]}]}<\/script>\n<!-- \/ Yoast SEO plugin. -->","yoast_head_json":{"title":"Centre M\u00e9dical Plexus - Fees","description":"Au Centre M\u00e9dical Plexus, nous privil\u00e9gions les interventions permettant \u00e0 nos patients de retrouver leur sant\u00e9 musculo\u2013squelettique et d\u2019optimiser leur autonomie fonctionnelle.","robots":{"index":"index","follow":"follow","max-snippet":"max-snippet:-1","max-image-preview":"max-image-preview:large","max-video-preview":"max-video-preview:-1"},"canonical":"https:\/\/plexusmedical.ca\/en\/fees\/","og_locale":"en_US","og_type":"article","og_title":"Centre M\u00e9dical Plexus - Fees","og_description":"Au Centre M\u00e9dical Plexus, nous privil\u00e9gions les interventions permettant \u00e0 nos patients de retrouver leur sant\u00e9 musculo\u2013squelettique et d\u2019optimiser leur autonomie fonctionnelle.","og_url":"https:\/\/plexusmedical.ca\/en\/fees\/","og_site_name":"Centre M\u00e9dical Plexus","article_publisher":"https:\/\/www.facebook.com\/pages\/Centre-Plexus\/217919771904406","article_modified_time":"2024-09-12T01:53:42+00:00","twitter_card":"summary_large_image","twitter_misc":{"Est. reading time":"3 minutes"},"schema":{"@context":"https:\/\/schema.org","@graph":[{"@type":"WebPage","@id":"https:\/\/plexusmedical.ca\/en\/fees\/","url":"https:\/\/plexusmedical.ca\/en\/fees\/","name":"Centre M\u00e9dical Plexus - Fees","isPartOf":{"@id":"https:\/\/plexusmedical.ca\/en\/#website"},"datePublished":"2020-05-03T20:13:31+00:00","dateModified":"2024-09-12T01:53:42+00:00","description":"Au Centre M\u00e9dical Plexus, nous privil\u00e9gions les interventions permettant \u00e0 nos patients de retrouver leur sant\u00e9 musculo\u2013squelettique et d\u2019optimiser leur autonomie fonctionnelle.","breadcrumb":{"@id":"https:\/\/plexusmedical.ca\/en\/fees\/#breadcrumb"},"inLanguage":"en-US","potentialAction":[{"@type":"ReadAction","target":["https:\/\/plexusmedical.ca\/en\/fees\/"]}]},{"@type":"BreadcrumbList","@id":"https:\/\/plexusmedical.ca\/en\/fees\/#breadcrumb","itemListElement":[{"@type":"ListItem","position":1,"name":"Home","item":"https:\/\/plexusmedical.ca\/en\/"},{"@type":"ListItem","position":2,"name":"Fees"}]},{"@type":"WebSite","@id":"https:\/\/plexusmedical.ca\/en\/#website","url":"https:\/\/plexusmedical.ca\/en\/","name":"Centre M\u00e9dical Plexus","description":"Centre M\u00e9dical pour le traitement des troubles musculo-squelettiques","publisher":{"@id":"https:\/\/plexusmedical.ca\/en\/#organization"},"potentialAction":[{"@type":"SearchAction","target":{"@type":"EntryPoint","urlTemplate":"https:\/\/plexusmedical.ca\/en\/?s={search_term_string}"},"query-input":{"@type":"PropertyValueSpecification","valueRequired":true,"valueName":"search_term_string"}}],"inLanguage":"en-US"},{"@type":"Organization","@id":"https:\/\/plexusmedical.ca\/en\/#organization","name":"Centre M\u00e9dical Plexus","url":"https:\/\/plexusmedical.ca\/en\/","logo":{"@type":"ImageObject","inLanguage":"en-US","@id":"https:\/\/plexusmedical.ca\/en\/#\/schema\/logo\/image\/","url":"https:\/\/plexusmedical.ca\/wp-content\/uploads\/2019\/12\/plexus-medical-logo.jpg","contentUrl":"https:\/\/plexusmedical.ca\/wp-content\/uploads\/2019\/12\/plexus-medical-logo.jpg","width":278,"height":66,"caption":"Centre M\u00e9dical Plexus"},"image":{"@id":"https:\/\/plexusmedical.ca\/en\/#\/schema\/logo\/image\/"},"sameAs":["https:\/\/www.facebook.com\/pages\/Centre-Plexus\/217919771904406"]}]}},"_links":{"self":[{"href":"https:\/\/plexusmedical.ca\/en\/wp-json\/wp\/v2\/pages\/26012"}],"collection":[{"href":"https:\/\/plexusmedical.ca\/en\/wp-json\/wp\/v2\/pages"}],"about":[{"href":"https:\/\/plexusmedical.ca\/en\/wp-json\/wp\/v2\/types\/page"}],"author":[{"embeddable":true,"href":"https:\/\/plexusmedical.ca\/en\/wp-json\/wp\/v2\/users\/1"}],"replies":[{"embeddable":true,"href":"https:\/\/plexusmedical.ca\/en\/wp-json\/wp\/v2\/comments?post=26012"}],"version-history":[{"count":6,"href":"https:\/\/plexusmedical.ca\/en\/wp-json\/wp\/v2\/pages\/26012\/revisions"}],"predecessor-version":[{"id":26194,"href":"https:\/\/plexusmedical.ca\/en\/wp-json\/wp\/v2\/pages\/26012\/revisions\/26194"}],"wp:attachment":[{"href":"https:\/\/plexusmedical.ca\/en\/wp-json\/wp\/v2\/media?parent=26012"}],"curies":[{"name":"wp","href":"https:\/\/api.w.org\/{rel}","templated":true}]}}