{"id":26017,"date":"2020-05-03T20:42:10","date_gmt":"2020-05-03T20:42:10","guid":{"rendered":"https:\/\/plexusmedical.ca\/contact\/"},"modified":"2020-10-19T22:07:25","modified_gmt":"2020-10-19T22:07:25","slug":"contact","status":"publish","type":"page","link":"https:\/\/plexusmedical.ca\/en\/contact\/","title":{"rendered":"Contact"},"content":{"rendered":"<p>[et_pb_section fb_built=&#8221;1&#8243; fullwidth=&#8221;on&#8221; _builder_version=&#8221;4.0.11&#8243; custom_margin=&#8221;6em||||false|false&#8221;][et_pb_fullwidth_post_title meta=&#8221;off&#8221; featured_image=&#8221;off&#8221; _builder_version=&#8221;4.0.11&#8243; title_font=&#8221;|||on|||||&#8221; title_text_color=&#8221;#ffffff&#8221; background_image=&#8221;https:\/\/plexusmedical.ca\/wp-content\/uploads\/2020\/01\/contact-us-header.jpg&#8221; custom_margin=&#8221;1px||1px||true|&#8221; custom_padding=&#8221;10em||10em||true|false&#8221; custom_padding_tablet=&#8221;7em||7em||true|false&#8221; custom_padding_phone=&#8221;5em||5em||true|false&#8221; custom_padding_last_edited=&#8221;on|phone&#8221;][\/et_pb_fullwidth_post_title][\/et_pb_section][et_pb_section fb_built=&#8221;1&#8243; _builder_version=&#8221;3.29.3&#8243;][et_pb_row column_structure=&#8221;2_5,3_5&#8243; _builder_version=&#8221;3.29.3&#8243;][et_pb_column type=&#8221;2_5&#8243; _builder_version=&#8221;3.29.3&#8243;][et_pb_text ul_position=&#8221;inside&#8221; quote_border_color=&#8221;#f05a5a&#8221; _builder_version=&#8221;3.29.3&#8243; link_text_color=&#8221;#f05a5a&#8221; header_font=&#8221;|700||on|||||&#8221; header_text_color=&#8221;#233d4d&#8221; header_2_font=&#8221;|||on|||||&#8221; header_2_text_color=&#8221;#233d4d&#8221; header_3_font=&#8221;|||on|||||&#8221; custom_margin=&#8221;||14px|||&#8221; custom_padding=&#8221;||0px|||&#8221; header_font_size_tablet=&#8221;36px&#8221; header_font_size_last_edited=&#8221;off|phone&#8221; header_2_font_size_tablet=&#8221;&#8221; header_2_font_size_phone=&#8221;&#8221; header_2_font_size_last_edited=&#8221;on|phone&#8221;]<\/p>\n<h2>To reach us <\/h2>\n<p>[\/et_pb_text][et_pb_text ul_position=&#8221;inside&#8221; quote_border_color=&#8221;#f05a5a&#8221; content_last_edited=&#8221;off|desktop&#8221; _builder_version=&#8221;4.4.7&#8243; link_text_color=&#8221;#a4ce44&#8243; header_font=&#8221;|700||on|||||&#8221; header_text_color=&#8221;#233d4d&#8221; header_2_font=&#8221;|||on|||||&#8221; header_2_text_color=&#8221;#233d4d&#8221; header_3_font=&#8221;|||on|||||&#8221; custom_margin=&#8221;-7px|||||&#8221; hover_enabled=&#8221;0&#8243; header_font_size_tablet=&#8221;36px&#8221; header_font_size_last_edited=&#8221;off|phone&#8221; header_2_font_size_tablet=&#8221;&#8221; header_2_font_size_phone=&#8221;&#8221; header_2_font_size_last_edited=&#8221;on|phone&#8221;]<\/p>\n<p><span>107 Ch. Lac Millette,<br \/> <\/span><span>Saint-Sauveur,<br \/> QC<\/span> <span>J0R 1R6<\/span><\/p>\n<p class=\"telephone\">Phone: (450) 227-9933<br \/> Fax: (450) 227-4900<\/p>\n<p class=\"courriel\"><a href=\"mailto:info@plexusmedical.ca\" id=\"contactmailto\">info@plexusmedical.ca<\/a><\/p>\n<p>[\/et_pb_text][\/et_pb_column][et_pb_column type=&#8221;3_5&#8243; _builder_version=&#8221;3.29.3&#8243;][et_pb_text ul_position=&#8221;inside&#8221; quote_border_color=&#8221;#f05a5a&#8221; _builder_version=&#8221;3.29.3&#8243; link_text_color=&#8221;#f05a5a&#8221; header_font=&#8221;|700||on|||||&#8221; header_text_color=&#8221;#233d4d&#8221; header_2_font=&#8221;|||on|||||&#8221; header_2_text_color=&#8221;#233d4d&#8221; header_3_font=&#8221;|||on|||||&#8221; header_font_size_tablet=&#8221;36px&#8221; header_font_size_last_edited=&#8221;off|phone&#8221; header_2_font_size_tablet=&#8221;&#8221; header_2_font_size_phone=&#8221;&#8221; header_2_font_size_last_edited=&#8221;on|phone&#8221;]<\/p>\n<h2>Email us !<\/h2>\n<p>[\/et_pb_text][et_pb_code _builder_version=&#8221;4.3.3&#8243; custom_margin=&#8221;-24px|||||&#8221;]\n<div class=\"wpcf7 no-js\" id=\"wpcf7-f26019-o1\" lang=\"en-US\" dir=\"ltr\" data-wpcf7-id=\"26019\">\n<div class=\"screen-reader-response\"><p role=\"status\" aria-live=\"polite\" aria-atomic=\"true\"><\/p> <ul><\/ul><\/div>\n<form action=\"\/en\/wp-json\/wp\/v2\/pages\/26017#wpcf7-f26019-o1\" method=\"post\" class=\"wpcf7-form init\" aria-label=\"Contact form\" novalidate=\"novalidate\" data-status=\"init\">\n<div style=\"display: none;\">\n<input type=\"hidden\" name=\"_wpcf7\" value=\"26019\" \/>\n<input type=\"hidden\" name=\"_wpcf7_version\" value=\"6.0.6\" \/>\n<input type=\"hidden\" name=\"_wpcf7_locale\" value=\"en_US\" \/>\n<input type=\"hidden\" name=\"_wpcf7_unit_tag\" value=\"wpcf7-f26019-o1\" \/>\n<input type=\"hidden\" name=\"_wpcf7_container_post\" value=\"0\" \/>\n<input type=\"hidden\" name=\"_wpcf7_posted_data_hash\" value=\"\" \/>\n<input type=\"hidden\" name=\"_wpcf7_recaptcha_response\" value=\"\" \/>\n<\/div>\n<p><span class=\"wpcf7-form-control-wrap\" data-name=\"name-field\"><input size=\"40\" maxlength=\"400\" class=\"wpcf7-form-control wpcf7-text wpcf7-validates-as-required\" aria-required=\"true\" aria-invalid=\"false\" placeholder=\"Your Name*\" value=\"\" type=\"text\" name=\"name-field\" \/><\/span><br \/>\n<span class=\"wpcf7-form-control-wrap\" data-name=\"email-field\"><input size=\"40\" maxlength=\"400\" class=\"wpcf7-form-control wpcf7-email wpcf7-validates-as-required wpcf7-text wpcf7-validates-as-email\" aria-required=\"true\" aria-invalid=\"false\" placeholder=\"Your Email*\" value=\"\" type=\"email\" name=\"email-field\" \/><\/span><br \/>\n<span class=\"wpcf7-form-control-wrap\" data-name=\"phone-field\"><input size=\"40\" maxlength=\"400\" class=\"wpcf7-form-control wpcf7-tel wpcf7-validates-as-required wpcf7-text wpcf7-validates-as-tel\" aria-required=\"true\" aria-invalid=\"false\" placeholder=\"Your Phone Number\" value=\"\" type=\"tel\" name=\"phone-field\" \/><\/span><br \/>\n<span class=\"wpcf7-form-control-wrap\" data-name=\"message-field\"><textarea cols=\"40\" rows=\"10\" maxlength=\"2000\" class=\"wpcf7-form-control wpcf7-textarea wpcf7-validates-as-required\" aria-required=\"true\" aria-invalid=\"false\" placeholder=\"Message*\" name=\"message-field\"><\/textarea><\/span>\n<\/p>\n<p><input class=\"wpcf7-form-control wpcf7-submit has-spinner\" type=\"submit\" value=\"Submit\" \/>\n<\/p><div class=\"wpcf7-response-output\" aria-hidden=\"true\"><\/div>\n<\/form>\n<\/div>\n[\/et_pb_code][\/et_pb_column][\/et_pb_row][\/et_pb_section][et_pb_section fb_built=&#8221;1&#8243; fullwidth=&#8221;on&#8221; _builder_version=&#8221;4.0.11&#8243;][et_pb_fullwidth_map address=&#8221;107 Chemin du Lac-Millette, Saint-Sauveur, QC J0R 1R6, Canada&#8221; zoom_level=&#8221;16&#8243; address_lat=&#8221;45.897746&#8243; address_lng=&#8221;-74.1486815&#8243; mouse_wheel=&#8221;off&#8221; _builder_version=&#8221;4.3.3&#8243; background_enable_color=&#8221;off&#8221;][et_pb_map_pin pin_address=&#8221;107 Chemin du Lac-Millette, Saint-Sauveur, QC J0R 1R6, Canada&#8221; zoom_level=&#8221;15&#8243; pin_address_lat=&#8221;45.897746&#8243; pin_address_lng=&#8221;-74.1486815&#8243; _builder_version=&#8221;4.3.3&#8243;]<\/p>\n<h2>Plexus Medical<\/h2>\n<p>107 Ch. Lake Milette, St-Sauveur, QC<br \/>450 227-9933<\/p>\n<p>Tuesday to Friday 9:00 &#8211; 18:00 <\/p>\n<p>&nbsp;<\/p>\n<p>[\/et_pb_map_pin][\/et_pb_fullwidth_map][\/et_pb_section]<\/p>\n","protected":false},"excerpt":{"rendered":"<p>To reach us 107 Ch. Lac Millette, Saint-Sauveur, QC J0R 1R6 Phone: (450) 227-9933 Fax: (450) 227-4900 info@plexusmedical.ca Email us !\n<div class=\"wpcf7 no-js\" id=\"wpcf7-f26019-o2\" lang=\"en-US\" dir=\"ltr\" data-wpcf7-id=\"26019\">\n<div class=\"screen-reader-response\"><p role=\"status\" aria-live=\"polite\" aria-atomic=\"true\"><\/p> <ul><\/ul><\/div>\n<form action=\"\/en\/wp-json\/wp\/v2\/pages\/26017#wpcf7-f26019-o2\" method=\"post\" class=\"wpcf7-form init\" aria-label=\"Contact form\" novalidate=\"novalidate\" data-status=\"init\">\n<div style=\"display: none;\">\n<input type=\"hidden\" name=\"_wpcf7\" value=\"26019\" \/>\n<input type=\"hidden\" name=\"_wpcf7_version\" value=\"6.0.6\" \/>\n<input type=\"hidden\" name=\"_wpcf7_locale\" value=\"en_US\" \/>\n<input type=\"hidden\" name=\"_wpcf7_unit_tag\" value=\"wpcf7-f26019-o2\" \/>\n<input type=\"hidden\" name=\"_wpcf7_container_post\" value=\"0\" \/>\n<input type=\"hidden\" name=\"_wpcf7_posted_data_hash\" value=\"\" \/>\n<input type=\"hidden\" name=\"_wpcf7_recaptcha_response\" value=\"\" \/>\n<\/div>\n<p><span class=\"wpcf7-form-control-wrap\" data-name=\"name-field\"><input size=\"40\" maxlength=\"400\" class=\"wpcf7-form-control wpcf7-text wpcf7-validates-as-required\" aria-required=\"true\" aria-invalid=\"false\" placeholder=\"Your Name*\" value=\"\" type=\"text\" name=\"name-field\" \/><\/span><br \/>\n<span class=\"wpcf7-form-control-wrap\" data-name=\"email-field\"><input size=\"40\" maxlength=\"400\" class=\"wpcf7-form-control wpcf7-email wpcf7-validates-as-required wpcf7-text wpcf7-validates-as-email\" aria-required=\"true\" aria-invalid=\"false\" placeholder=\"Your Email*\" value=\"\" type=\"email\" name=\"email-field\" \/><\/span><br \/>\n<span class=\"wpcf7-form-control-wrap\" data-name=\"phone-field\"><input size=\"40\" maxlength=\"400\" class=\"wpcf7-form-control wpcf7-tel wpcf7-validates-as-required wpcf7-text wpcf7-validates-as-tel\" aria-required=\"true\" aria-invalid=\"false\" placeholder=\"Your Phone Number\" value=\"\" type=\"tel\" name=\"phone-field\" \/><\/span><br \/>\n<span class=\"wpcf7-form-control-wrap\" data-name=\"message-field\"><textarea cols=\"40\" rows=\"10\" maxlength=\"2000\" class=\"wpcf7-form-control wpcf7-textarea wpcf7-validates-as-required\" aria-required=\"true\" aria-invalid=\"false\" placeholder=\"Message*\" name=\"message-field\"><\/textarea><\/span>\n<\/p>\n<p><input class=\"wpcf7-form-control wpcf7-submit has-spinner\" type=\"submit\" value=\"Submit\" \/>\n<\/p><div class=\"wpcf7-response-output\" aria-hidden=\"true\"><\/div>\n<\/form>\n<\/div>\nPlexus Medical 107 Ch. Lake Milette, St-Sauveur, QC450 227-9933 Tuesday to Friday 9:00 &#8211; 18:00 &nbsp;<\/p>\n","protected":false},"author":1,"featured_media":0,"parent":0,"menu_order":0,"comment_status":"closed","ping_status":"closed","template":"","meta":{"_et_pb_use_builder":"on","_et_pb_old_content":"<!-- wp:divi\/placeholder \/-->","_et_gb_content_width":"","footnotes":""},"class_list":["post-26017","page","type-page","status-publish","hentry"],"yoast_head":"<!-- This site is optimized with the Yoast SEO plugin v25.6 - https:\/\/yoast.com\/wordpress\/plugins\/seo\/ -->\n<title>Centre M\u00e9dical Plexus - Contact<\/title>\n<meta name=\"description\" content=\"Au Centre M\u00e9dical Plexus, nous privil\u00e9gions les interventions permettant \u00e0 nos patients de retrouver leur sant\u00e9 musculo\u2013squelettique et d\u2019optimiser leur autonomie fonctionnelle.\" \/>\n<meta name=\"robots\" content=\"index, follow, max-snippet:-1, max-image-preview:large, max-video-preview:-1\" \/>\n<link rel=\"canonical\" href=\"https:\/\/plexusmedical.ca\/en\/contact\/\" \/>\n<meta property=\"og:locale\" content=\"en_US\" \/>\n<meta property=\"og:type\" content=\"article\" \/>\n<meta property=\"og:title\" content=\"Centre M\u00e9dical Plexus - Contact\" \/>\n<meta property=\"og:description\" content=\"Au Centre M\u00e9dical Plexus, nous privil\u00e9gions les interventions permettant \u00e0 nos patients de retrouver leur sant\u00e9 musculo\u2013squelettique et d\u2019optimiser leur autonomie fonctionnelle.\" \/>\n<meta property=\"og:url\" content=\"https:\/\/plexusmedical.ca\/en\/contact\/\" \/>\n<meta property=\"og:site_name\" content=\"Centre M\u00e9dical Plexus\" \/>\n<meta property=\"article:publisher\" content=\"https:\/\/www.facebook.com\/pages\/Centre-Plexus\/217919771904406\" \/>\n<meta property=\"article:modified_time\" content=\"2020-10-19T22:07:25+00:00\" \/>\n<meta name=\"twitter:card\" content=\"summary_large_image\" \/>\n<meta name=\"twitter:label1\" content=\"Est. reading time\" \/>\n\t<meta name=\"twitter:data1\" content=\"2 minutes\" \/>\n<script type=\"application\/ld+json\" class=\"yoast-schema-graph\">{\"@context\":\"https:\/\/schema.org\",\"@graph\":[{\"@type\":\"WebPage\",\"@id\":\"https:\/\/plexusmedical.ca\/en\/contact\/\",\"url\":\"https:\/\/plexusmedical.ca\/en\/contact\/\",\"name\":\"Centre M\u00e9dical Plexus - Contact\",\"isPartOf\":{\"@id\":\"https:\/\/plexusmedical.ca\/en\/#website\"},\"datePublished\":\"2020-05-03T20:42:10+00:00\",\"dateModified\":\"2020-10-19T22:07:25+00:00\",\"description\":\"Au Centre M\u00e9dical Plexus, nous privil\u00e9gions les interventions permettant \u00e0 nos patients de retrouver leur sant\u00e9 musculo\u2013squelettique et d\u2019optimiser leur autonomie fonctionnelle.\",\"breadcrumb\":{\"@id\":\"https:\/\/plexusmedical.ca\/en\/contact\/#breadcrumb\"},\"inLanguage\":\"en-US\",\"potentialAction\":[{\"@type\":\"ReadAction\",\"target\":[\"https:\/\/plexusmedical.ca\/en\/contact\/\"]}]},{\"@type\":\"BreadcrumbList\",\"@id\":\"https:\/\/plexusmedical.ca\/en\/contact\/#breadcrumb\",\"itemListElement\":[{\"@type\":\"ListItem\",\"position\":1,\"name\":\"Home\",\"item\":\"https:\/\/plexusmedical.ca\/en\/\"},{\"@type\":\"ListItem\",\"position\":2,\"name\":\"Contact\"}]},{\"@type\":\"WebSite\",\"@id\":\"https:\/\/plexusmedical.ca\/en\/#website\",\"url\":\"https:\/\/plexusmedical.ca\/en\/\",\"name\":\"Centre M\u00e9dical Plexus\",\"description\":\"Centre M\u00e9dical pour le traitement des troubles musculo-squelettiques\",\"publisher\":{\"@id\":\"https:\/\/plexusmedical.ca\/en\/#organization\"},\"potentialAction\":[{\"@type\":\"SearchAction\",\"target\":{\"@type\":\"EntryPoint\",\"urlTemplate\":\"https:\/\/plexusmedical.ca\/en\/?s={search_term_string}\"},\"query-input\":{\"@type\":\"PropertyValueSpecification\",\"valueRequired\":true,\"valueName\":\"search_term_string\"}}],\"inLanguage\":\"en-US\"},{\"@type\":\"Organization\",\"@id\":\"https:\/\/plexusmedical.ca\/en\/#organization\",\"name\":\"Centre M\u00e9dical Plexus\",\"url\":\"https:\/\/plexusmedical.ca\/en\/\",\"logo\":{\"@type\":\"ImageObject\",\"inLanguage\":\"en-US\",\"@id\":\"https:\/\/plexusmedical.ca\/en\/#\/schema\/logo\/image\/\",\"url\":\"https:\/\/plexusmedical.ca\/wp-content\/uploads\/2019\/12\/plexus-medical-logo.jpg\",\"contentUrl\":\"https:\/\/plexusmedical.ca\/wp-content\/uploads\/2019\/12\/plexus-medical-logo.jpg\",\"width\":278,\"height\":66,\"caption\":\"Centre M\u00e9dical Plexus\"},\"image\":{\"@id\":\"https:\/\/plexusmedical.ca\/en\/#\/schema\/logo\/image\/\"},\"sameAs\":[\"https:\/\/www.facebook.com\/pages\/Centre-Plexus\/217919771904406\"]}]}<\/script>\n<!-- \/ Yoast SEO plugin. -->","yoast_head_json":{"title":"Centre M\u00e9dical Plexus - Contact","description":"Au Centre M\u00e9dical Plexus, nous privil\u00e9gions les interventions permettant \u00e0 nos patients de retrouver leur sant\u00e9 musculo\u2013squelettique et d\u2019optimiser leur autonomie fonctionnelle.","robots":{"index":"index","follow":"follow","max-snippet":"max-snippet:-1","max-image-preview":"max-image-preview:large","max-video-preview":"max-video-preview:-1"},"canonical":"https:\/\/plexusmedical.ca\/en\/contact\/","og_locale":"en_US","og_type":"article","og_title":"Centre M\u00e9dical Plexus - Contact","og_description":"Au Centre M\u00e9dical Plexus, nous privil\u00e9gions les interventions permettant \u00e0 nos patients de retrouver leur sant\u00e9 musculo\u2013squelettique et d\u2019optimiser leur autonomie fonctionnelle.","og_url":"https:\/\/plexusmedical.ca\/en\/contact\/","og_site_name":"Centre M\u00e9dical Plexus","article_publisher":"https:\/\/www.facebook.com\/pages\/Centre-Plexus\/217919771904406","article_modified_time":"2020-10-19T22:07:25+00:00","twitter_card":"summary_large_image","twitter_misc":{"Est. reading time":"2 minutes"},"schema":{"@context":"https:\/\/schema.org","@graph":[{"@type":"WebPage","@id":"https:\/\/plexusmedical.ca\/en\/contact\/","url":"https:\/\/plexusmedical.ca\/en\/contact\/","name":"Centre M\u00e9dical Plexus - Contact","isPartOf":{"@id":"https:\/\/plexusmedical.ca\/en\/#website"},"datePublished":"2020-05-03T20:42:10+00:00","dateModified":"2020-10-19T22:07:25+00:00","description":"Au Centre M\u00e9dical Plexus, nous privil\u00e9gions les interventions permettant \u00e0 nos patients de retrouver leur sant\u00e9 musculo\u2013squelettique et d\u2019optimiser leur autonomie fonctionnelle.","breadcrumb":{"@id":"https:\/\/plexusmedical.ca\/en\/contact\/#breadcrumb"},"inLanguage":"en-US","potentialAction":[{"@type":"ReadAction","target":["https:\/\/plexusmedical.ca\/en\/contact\/"]}]},{"@type":"BreadcrumbList","@id":"https:\/\/plexusmedical.ca\/en\/contact\/#breadcrumb","itemListElement":[{"@type":"ListItem","position":1,"name":"Home","item":"https:\/\/plexusmedical.ca\/en\/"},{"@type":"ListItem","position":2,"name":"Contact"}]},{"@type":"WebSite","@id":"https:\/\/plexusmedical.ca\/en\/#website","url":"https:\/\/plexusmedical.ca\/en\/","name":"Centre M\u00e9dical Plexus","description":"Centre M\u00e9dical pour le traitement des troubles musculo-squelettiques","publisher":{"@id":"https:\/\/plexusmedical.ca\/en\/#organization"},"potentialAction":[{"@type":"SearchAction","target":{"@type":"EntryPoint","urlTemplate":"https:\/\/plexusmedical.ca\/en\/?s={search_term_string}"},"query-input":{"@type":"PropertyValueSpecification","valueRequired":true,"valueName":"search_term_string"}}],"inLanguage":"en-US"},{"@type":"Organization","@id":"https:\/\/plexusmedical.ca\/en\/#organization","name":"Centre M\u00e9dical Plexus","url":"https:\/\/plexusmedical.ca\/en\/","logo":{"@type":"ImageObject","inLanguage":"en-US","@id":"https:\/\/plexusmedical.ca\/en\/#\/schema\/logo\/image\/","url":"https:\/\/plexusmedical.ca\/wp-content\/uploads\/2019\/12\/plexus-medical-logo.jpg","contentUrl":"https:\/\/plexusmedical.ca\/wp-content\/uploads\/2019\/12\/plexus-medical-logo.jpg","width":278,"height":66,"caption":"Centre M\u00e9dical Plexus"},"image":{"@id":"https:\/\/plexusmedical.ca\/en\/#\/schema\/logo\/image\/"},"sameAs":["https:\/\/www.facebook.com\/pages\/Centre-Plexus\/217919771904406"]}]}},"_links":{"self":[{"href":"https:\/\/plexusmedical.ca\/en\/wp-json\/wp\/v2\/pages\/26017"}],"collection":[{"href":"https:\/\/plexusmedical.ca\/en\/wp-json\/wp\/v2\/pages"}],"about":[{"href":"https:\/\/plexusmedical.ca\/en\/wp-json\/wp\/v2\/types\/page"}],"author":[{"embeddable":true,"href":"https:\/\/plexusmedical.ca\/en\/wp-json\/wp\/v2\/users\/1"}],"replies":[{"embeddable":true,"href":"https:\/\/plexusmedical.ca\/en\/wp-json\/wp\/v2\/comments?post=26017"}],"version-history":[{"count":0,"href":"https:\/\/plexusmedical.ca\/en\/wp-json\/wp\/v2\/pages\/26017\/revisions"}],"wp:attachment":[{"href":"https:\/\/plexusmedical.ca\/en\/wp-json\/wp\/v2\/media?parent=26017"}],"curies":[{"name":"wp","href":"https:\/\/api.w.org\/{rel}","templated":true}]}}