{"id":26021,"date":"2020-05-03T21:16:17","date_gmt":"2020-05-03T21:16:17","guid":{"rendered":"https:\/\/plexusmedical.ca\/dr-michel-taillefer-md\/"},"modified":"2020-10-19T22:08:11","modified_gmt":"2020-10-19T22:08:11","slug":"dr-michel-taillefer-md","status":"publish","type":"page","link":"https:\/\/plexusmedical.ca\/en\/team\/dr-michel-taillefer-md\/","title":{"rendered":"DR MICHEL TAILLEFER MD"},"content":{"rendered":"<p>[et_pb_section fb_built=&#8221;1&#8243; fullwidth=&#8221;on&#8221; _builder_version=&#8221;4.0.11&#8243; custom_margin=&#8221;6em||||false|false&#8221;][et_pb_fullwidth_post_title meta=&#8221;off&#8221; featured_image=&#8221;off&#8221; _builder_version=&#8221;4.0.11&#8243; title_font=&#8221;|||on|||||&#8221; title_text_color=&#8221;#ffffff&#8221; background_image=&#8221;https:\/\/plexusmedical.ca\/wp-content\/uploads\/2020\/01\/team-headers.jpg&#8221; custom_margin=&#8221;1px||1px||true|&#8221; custom_padding=&#8221;10em||10em||true|false&#8221; custom_padding_tablet=&#8221;7em||7em||true|false&#8221; custom_padding_phone=&#8221;5em||5em||true|false&#8221; custom_padding_last_edited=&#8221;on|phone&#8221;][\/et_pb_fullwidth_post_title][\/et_pb_section][et_pb_section fb_built=&#8221;1&#8243; _builder_version=&#8221;3.29.3&#8243;][et_pb_row _builder_version=&#8221;4.1&#8243;][et_pb_column type=&#8221;4_4&#8243; _builder_version=&#8221;4.1&#8243;][et_pb_text _builder_version=&#8221;4.4.7&#8243; hover_enabled=&#8221;0&#8243;]<\/p>\n<p data-fontsize=\"32\" data-lineheight=\"48\"><strong>DOCTORAT EN M\u00c9DECINE : UNIVERSIT\u00c9 DE MONTR\u00c9AL 1981<\/strong><\/p>\n<p data-fontsize=\"32\" data-lineheight=\"48\">Right from the beginning of my medical pratice, I have devoted 100% of my medical practice time to the evaluation and treatment of musculo-skeletal conditions<br \/> I was among the first physician in Quebec to implement PRP injections for musculo-skeletal issues in 2010.<\/p>\n<p data-fontsize=\"32\" data-lineheight=\"48\"><strong>CONTINUING MEDICAL EDUCATION<\/strong><\/p>\n<ul>\n<li data-fontsize=\"32\" data-lineheight=\"48\">1984 Rochester, New York : Orthopedic medecine and joint injections (Dr J. Cyriax)<\/li>\n<li data-fontsize=\"32\" data-lineheight=\"48\">1984 San Diego, Ca : NAAMM meeting ( North American Academy of Manual Medecine ) invited lecturers : Janet Travell, Robert Maigne, Robert Ellis, Philip Greenman \u2026<\/li>\n<li data-fontsize=\"32\" data-lineheight=\"48\">1985 Vancouver : Orthopedic medecine and joint injections (Dr J. Cyriax)<\/li>\n<li data-fontsize=\"32\" data-lineheight=\"48\">1986 to 2000 : I was an invited lecturer to over 20 Canadian medical workshops on therapeutic injections<\/li>\n<li data-fontsize=\"32\" data-lineheight=\"48\">1990 to 1993 : President of the Quebec Association of Medical Acupuncturist<br \/> 2002 : Founder and Co-Owner of Centre M\u00e9dical Plexus in Saint-Sauveur, Qc<\/li>\n<\/ul>\n<p>Over 300,000 therapeutic injections since 1982<br \/> Since 2010, all injections are done under ultrasound guidance<\/p>\n<p><strong>MSK ULTRASOUND MEDICAL TRAINING AND WORKSHOPS<\/strong><\/p>\n<ul>\n<li>2009-2010 : 4 Days of mentorship with Dr. N. Charlebois , radiologist<\/li>\n<li>2010: 2 weekends private workshops &#8221; one on one&#8221; with Dr M. Lamontagne, physiatrist<\/li>\n<li>2011: 2 weekends private workshops &#8221; one on one&#8221; with Dr Sean Mulvaney, USA MD<\/li>\n<li>2011 : Hong kong : International Symposium on Spine and Paravertebral Sonography ( for anesthesia and pain medecine )<\/li>\n<li>2012 : Paris : Semaine du S.I.M.S. MSK Ultrasound for radiologists<\/li>\n<li>2012 : East-Virginia Medical school VA, USA : cadaver workshops.<\/li>\n<li>2013 : Rochester Mayo Clinic : model and cadaver workshops : diagnostic and interventional MSK ultrasound course.<\/li>\n<li>2013 : Toronto, Western Hospital ( model and cadaver ) advanced course : ultrasound pain medecine workshops.<\/li>\n<li>2014 : Chigago, IL USA : WAPMU: workshop level 3, advanced ultrasound spinal procedural techniques.<\/li>\n<li>2015 : Atlanta, GA USA : WAPMU : workshop : neurosonology and complex pain procedures<\/li>\n<li>2016 : Toronto : ISURA 2016 ( model and cadaver ) advanced course : ultrasound pain medecine workshop.<\/li>\n<li>2016 : Boston, MA USA WAPMU: model and cadaver workshop, ultrasound guided denervation procedures.<\/li>\n<li>2016 : New York NY USA , ARTHREX workshops : bone marrow harvesting procedures.<\/li>\n<li>2017 : Florence, Italie, Simpar-ISURA congress : International Symposium of ultrasound in regional anesthesia.<\/li>\n<li>2017 : Innsbruck , Austria, 11th International Cadaver WorkshopS, Ultrasound applications in regional anesthesia and pain medecine.<\/li>\n<li>2018 : Miami, FL USA, WAPMU: Annual meeting and model and cadaver workshops.<\/li>\n<li>2018 : Laval, Atelier d\u2019\u00e9chographie diagnostique et interventionnelle, Dr Yves Benabu, Radiologist, Cit\u00e9-de-la-Sant\u00e9.<\/li>\n<li>2019 : Raleigh, NC USA : PRP for orthopedic applications, Carolina cellular association.<\/li>\n<li>2019 : Porto, PORTUGAL , ISURA 2019 pain medecine worshops\n<div class=\"et-fb-loader\" style=\"margin-bottom: 40px;\"><\/div>\n<p>Membre du AIUM ( American institute of ultrasound in medecine )<br \/> Membre du AAPMU (American association of pain management in ultrasound )<\/p>\n<\/li>\n<\/ul>\n<p>[\/et_pb_text][\/et_pb_column][\/et_pb_row][\/et_pb_section]<\/p>\n","protected":false},"excerpt":{"rendered":"<p>DOCTORAT EN M\u00c9DECINE : UNIVERSIT\u00c9 DE MONTR\u00c9AL 1981 Right from the beginning of my medical pratice, I have devoted 100% of my medical practice time to the evaluation and treatment of musculo-skeletal conditions I was among the first physician in Quebec to implement PRP injections for musculo-skeletal issues in 2010. CONTINUING MEDICAL EDUCATION 1984 Rochester, [&hellip;]<\/p>\n","protected":false},"author":1,"featured_media":0,"parent":26027,"menu_order":0,"comment_status":"closed","ping_status":"closed","template":"","meta":{"_et_pb_use_builder":"on","_et_pb_old_content":"","_et_gb_content_width":"","footnotes":""},"class_list":["post-26021","page","type-page","status-publish","hentry"],"yoast_head":"<!-- This site is optimized with the Yoast SEO plugin v25.6 - https:\/\/yoast.com\/wordpress\/plugins\/seo\/ -->\n<title>Centre M\u00e9dical Plexus - DR MICHEL TAILLEFER MD<\/title>\n<meta name=\"description\" content=\"Right from the beginning of his medical pratice, Dr Taillefer devoted 100% of his time to the evaluation and treatment of musculo-skeletal issues\" \/>\n<meta name=\"robots\" content=\"index, follow, max-snippet:-1, max-image-preview:large, max-video-preview:-1\" \/>\n<link rel=\"canonical\" href=\"https:\/\/plexusmedical.ca\/en\/team\/dr-michel-taillefer-md\/\" \/>\n<meta property=\"og:locale\" content=\"en_US\" \/>\n<meta property=\"og:type\" content=\"article\" \/>\n<meta property=\"og:title\" content=\"Centre M\u00e9dical Plexus - DR MICHEL TAILLEFER MD\" \/>\n<meta property=\"og:description\" content=\"Right from the beginning of his medical pratice, Dr Taillefer devoted 100% of his time to the evaluation and treatment of musculo-skeletal issues\" \/>\n<meta property=\"og:url\" content=\"https:\/\/plexusmedical.ca\/en\/team\/dr-michel-taillefer-md\/\" \/>\n<meta property=\"og:site_name\" content=\"Centre M\u00e9dical Plexus\" \/>\n<meta property=\"article:publisher\" content=\"https:\/\/www.facebook.com\/pages\/Centre-Plexus\/217919771904406\" \/>\n<meta property=\"article:modified_time\" content=\"2020-10-19T22:08:11+00:00\" \/>\n<meta name=\"twitter:card\" content=\"summary_large_image\" \/>\n<meta name=\"twitter:label1\" content=\"Est. reading time\" \/>\n\t<meta name=\"twitter:data1\" content=\"2 minutes\" \/>\n<script type=\"application\/ld+json\" class=\"yoast-schema-graph\">{\"@context\":\"https:\/\/schema.org\",\"@graph\":[{\"@type\":\"WebPage\",\"@id\":\"https:\/\/plexusmedical.ca\/en\/team\/dr-michel-taillefer-md\/\",\"url\":\"https:\/\/plexusmedical.ca\/en\/team\/dr-michel-taillefer-md\/\",\"name\":\"Centre M\u00e9dical Plexus - DR MICHEL TAILLEFER MD\",\"isPartOf\":{\"@id\":\"https:\/\/plexusmedical.ca\/en\/#website\"},\"datePublished\":\"2020-05-03T21:16:17+00:00\",\"dateModified\":\"2020-10-19T22:08:11+00:00\",\"description\":\"Right from the beginning of his medical pratice, Dr Taillefer devoted 100% of his time to the evaluation and treatment of musculo-skeletal issues\",\"breadcrumb\":{\"@id\":\"https:\/\/plexusmedical.ca\/en\/team\/dr-michel-taillefer-md\/#breadcrumb\"},\"inLanguage\":\"en-US\",\"potentialAction\":[{\"@type\":\"ReadAction\",\"target\":[\"https:\/\/plexusmedical.ca\/en\/team\/dr-michel-taillefer-md\/\"]}]},{\"@type\":\"BreadcrumbList\",\"@id\":\"https:\/\/plexusmedical.ca\/en\/team\/dr-michel-taillefer-md\/#breadcrumb\",\"itemListElement\":[{\"@type\":\"ListItem\",\"position\":1,\"name\":\"Home\",\"item\":\"https:\/\/plexusmedical.ca\/en\/\"},{\"@type\":\"ListItem\",\"position\":2,\"name\":\"Team\",\"item\":\"https:\/\/plexusmedical.ca\/en\/team\/\"},{\"@type\":\"ListItem\",\"position\":3,\"name\":\"DR MICHEL TAILLEFER MD\"}]},{\"@type\":\"WebSite\",\"@id\":\"https:\/\/plexusmedical.ca\/en\/#website\",\"url\":\"https:\/\/plexusmedical.ca\/en\/\",\"name\":\"Centre M\u00e9dical Plexus\",\"description\":\"Centre M\u00e9dical pour le traitement des troubles musculo-squelettiques\",\"publisher\":{\"@id\":\"https:\/\/plexusmedical.ca\/en\/#organization\"},\"potentialAction\":[{\"@type\":\"SearchAction\",\"target\":{\"@type\":\"EntryPoint\",\"urlTemplate\":\"https:\/\/plexusmedical.ca\/en\/?s={search_term_string}\"},\"query-input\":{\"@type\":\"PropertyValueSpecification\",\"valueRequired\":true,\"valueName\":\"search_term_string\"}}],\"inLanguage\":\"en-US\"},{\"@type\":\"Organization\",\"@id\":\"https:\/\/plexusmedical.ca\/en\/#organization\",\"name\":\"Centre M\u00e9dical Plexus\",\"url\":\"https:\/\/plexusmedical.ca\/en\/\",\"logo\":{\"@type\":\"ImageObject\",\"inLanguage\":\"en-US\",\"@id\":\"https:\/\/plexusmedical.ca\/en\/#\/schema\/logo\/image\/\",\"url\":\"https:\/\/plexusmedical.ca\/wp-content\/uploads\/2019\/12\/plexus-medical-logo.jpg\",\"contentUrl\":\"https:\/\/plexusmedical.ca\/wp-content\/uploads\/2019\/12\/plexus-medical-logo.jpg\",\"width\":278,\"height\":66,\"caption\":\"Centre M\u00e9dical Plexus\"},\"image\":{\"@id\":\"https:\/\/plexusmedical.ca\/en\/#\/schema\/logo\/image\/\"},\"sameAs\":[\"https:\/\/www.facebook.com\/pages\/Centre-Plexus\/217919771904406\"]}]}<\/script>\n<!-- \/ Yoast SEO plugin. -->","yoast_head_json":{"title":"Centre M\u00e9dical Plexus - DR MICHEL TAILLEFER MD","description":"Right from the beginning of his medical pratice, Dr Taillefer devoted 100% of his time to the evaluation and treatment of musculo-skeletal issues","robots":{"index":"index","follow":"follow","max-snippet":"max-snippet:-1","max-image-preview":"max-image-preview:large","max-video-preview":"max-video-preview:-1"},"canonical":"https:\/\/plexusmedical.ca\/en\/team\/dr-michel-taillefer-md\/","og_locale":"en_US","og_type":"article","og_title":"Centre M\u00e9dical Plexus - DR MICHEL TAILLEFER MD","og_description":"Right from the beginning of his medical pratice, Dr Taillefer devoted 100% of his time to the evaluation and treatment of musculo-skeletal issues","og_url":"https:\/\/plexusmedical.ca\/en\/team\/dr-michel-taillefer-md\/","og_site_name":"Centre M\u00e9dical Plexus","article_publisher":"https:\/\/www.facebook.com\/pages\/Centre-Plexus\/217919771904406","article_modified_time":"2020-10-19T22:08:11+00:00","twitter_card":"summary_large_image","twitter_misc":{"Est. reading time":"2 minutes"},"schema":{"@context":"https:\/\/schema.org","@graph":[{"@type":"WebPage","@id":"https:\/\/plexusmedical.ca\/en\/team\/dr-michel-taillefer-md\/","url":"https:\/\/plexusmedical.ca\/en\/team\/dr-michel-taillefer-md\/","name":"Centre M\u00e9dical Plexus - DR MICHEL TAILLEFER MD","isPartOf":{"@id":"https:\/\/plexusmedical.ca\/en\/#website"},"datePublished":"2020-05-03T21:16:17+00:00","dateModified":"2020-10-19T22:08:11+00:00","description":"Right from the beginning of his medical pratice, Dr Taillefer devoted 100% of his time to the evaluation and treatment of musculo-skeletal issues","breadcrumb":{"@id":"https:\/\/plexusmedical.ca\/en\/team\/dr-michel-taillefer-md\/#breadcrumb"},"inLanguage":"en-US","potentialAction":[{"@type":"ReadAction","target":["https:\/\/plexusmedical.ca\/en\/team\/dr-michel-taillefer-md\/"]}]},{"@type":"BreadcrumbList","@id":"https:\/\/plexusmedical.ca\/en\/team\/dr-michel-taillefer-md\/#breadcrumb","itemListElement":[{"@type":"ListItem","position":1,"name":"Home","item":"https:\/\/plexusmedical.ca\/en\/"},{"@type":"ListItem","position":2,"name":"Team","item":"https:\/\/plexusmedical.ca\/en\/team\/"},{"@type":"ListItem","position":3,"name":"DR MICHEL TAILLEFER MD"}]},{"@type":"WebSite","@id":"https:\/\/plexusmedical.ca\/en\/#website","url":"https:\/\/plexusmedical.ca\/en\/","name":"Centre M\u00e9dical Plexus","description":"Centre M\u00e9dical pour le traitement des troubles musculo-squelettiques","publisher":{"@id":"https:\/\/plexusmedical.ca\/en\/#organization"},"potentialAction":[{"@type":"SearchAction","target":{"@type":"EntryPoint","urlTemplate":"https:\/\/plexusmedical.ca\/en\/?s={search_term_string}"},"query-input":{"@type":"PropertyValueSpecification","valueRequired":true,"valueName":"search_term_string"}}],"inLanguage":"en-US"},{"@type":"Organization","@id":"https:\/\/plexusmedical.ca\/en\/#organization","name":"Centre M\u00e9dical Plexus","url":"https:\/\/plexusmedical.ca\/en\/","logo":{"@type":"ImageObject","inLanguage":"en-US","@id":"https:\/\/plexusmedical.ca\/en\/#\/schema\/logo\/image\/","url":"https:\/\/plexusmedical.ca\/wp-content\/uploads\/2019\/12\/plexus-medical-logo.jpg","contentUrl":"https:\/\/plexusmedical.ca\/wp-content\/uploads\/2019\/12\/plexus-medical-logo.jpg","width":278,"height":66,"caption":"Centre M\u00e9dical Plexus"},"image":{"@id":"https:\/\/plexusmedical.ca\/en\/#\/schema\/logo\/image\/"},"sameAs":["https:\/\/www.facebook.com\/pages\/Centre-Plexus\/217919771904406"]}]}},"_links":{"self":[{"href":"https:\/\/plexusmedical.ca\/en\/wp-json\/wp\/v2\/pages\/26021"}],"collection":[{"href":"https:\/\/plexusmedical.ca\/en\/wp-json\/wp\/v2\/pages"}],"about":[{"href":"https:\/\/plexusmedical.ca\/en\/wp-json\/wp\/v2\/types\/page"}],"author":[{"embeddable":true,"href":"https:\/\/plexusmedical.ca\/en\/wp-json\/wp\/v2\/users\/1"}],"replies":[{"embeddable":true,"href":"https:\/\/plexusmedical.ca\/en\/wp-json\/wp\/v2\/comments?post=26021"}],"version-history":[{"count":0,"href":"https:\/\/plexusmedical.ca\/en\/wp-json\/wp\/v2\/pages\/26021\/revisions"}],"up":[{"embeddable":true,"href":"https:\/\/plexusmedical.ca\/en\/wp-json\/wp\/v2\/pages\/26027"}],"wp:attachment":[{"href":"https:\/\/plexusmedical.ca\/en\/wp-json\/wp\/v2\/media?parent=26021"}],"curies":[{"name":"wp","href":"https:\/\/api.w.org\/{rel}","templated":true}]}}